{"id":20,"date":"2020-03-26T15:52:51","date_gmt":"2020-03-26T14:52:51","guid":{"rendered":"https:\/\/www.biegl.at\/?page_id=20"},"modified":"2020-04-01T14:58:37","modified_gmt":"2020-04-01T12:58:37","slug":"maisspindelsammeln-video","status":"publish","type":"page","link":"https:\/\/www.biegl.at\/?page_id=20","title":{"rendered":"Maisspindelsammeln [Video]"},"content":{"rendered":"\n<p class=\"has-small-font-size\">Wir k\u00f6nnen mit unserem Case M\u00e4hdrescher, mit einem eigenen Aufsatz, auch Maisspindeln sammeln. Sie werden w\u00e4hrend dem Maisdrusch, gleichzeitig mit den Maisk\u00f6rnern geerntet. Diese werden vor allem f\u00fcr die Heizung gebraucht. <br>Hier ist ein kleines Video wie diese beim Drusch gesammelt und wie sie anschlie\u00dfend abgeladen werden.<\/p>\n\n\n\n<figure class=\"wp-block-embed-youtube wp-block-embed is-type-video is-provider-youtube wp-embed-aspect-16-9 wp-has-aspect-ratio\"><div class=\"wp-block-embed__wrapper\">\n<div class=\"nv-iframe-embed\"><iframe loading=\"lazy\" title=\"Lohndrusch Biegl - Mais-Spindel Ernte 2010\" width=\"1200\" height=\"675\" src=\"https:\/\/www.youtube.com\/embed\/rGNxI8lcBdg?start=10&#038;feature=oembed\" frameborder=\"0\" allow=\"accelerometer; autoplay; encrypted-media; gyroscope; picture-in-picture\" allowfullscreen><\/iframe><\/div>\n<\/div><\/figure>\n","protected":false},"excerpt":{"rendered":"<p>Wir k\u00f6nnen mit unserem Case M\u00e4hdrescher, mit einem eigenen Aufsatz, auch Maisspindeln sammeln. Sie werden w\u00e4hrend dem Maisdrusch, gleichzeitig mit den Maisk\u00f6rnern geerntet. Diese werden vor allem f\u00fcr die Heizung gebraucht. Hier ist ein kleines Video wie diese beim Drusch gesammelt und wie sie anschlie\u00dfend abgeladen werden.<\/p>\n","protected":false},"author":1,"featured_media":0,"parent":0,"menu_order":0,"comment_status":"closed","ping_status":"closed","template":"","meta":{"neve_meta_sidebar":"","neve_meta_container":"","neve_meta_enable_content_width":"off","neve_meta_content_width":0,"neve_meta_title_alignment":"","neve_meta_author_avatar":"","neve_post_elements_order":"","neve_meta_disable_header":"","neve_meta_disable_footer":"","neve_meta_disable_title":"","footnotes":""},"class_list":["post-20","page","type-page","status-publish","hentry"],"_links":{"self":[{"href":"https:\/\/www.biegl.at\/index.php?rest_route=\/wp\/v2\/pages\/20","targetHints":{"allow":["GET"]}}],"collection":[{"href":"https:\/\/www.biegl.at\/index.php?rest_route=\/wp\/v2\/pages"}],"about":[{"href":"https:\/\/www.biegl.at\/index.php?rest_route=\/wp\/v2\/types\/page"}],"author":[{"embeddable":true,"href":"https:\/\/www.biegl.at\/index.php?rest_route=\/wp\/v2\/users\/1"}],"replies":[{"embeddable":true,"href":"https:\/\/www.biegl.at\/index.php?rest_route=%2Fwp%2Fv2%2Fcomments&post=20"}],"version-history":[{"count":5,"href":"https:\/\/www.biegl.at\/index.php?rest_route=\/wp\/v2\/pages\/20\/revisions"}],"predecessor-version":[{"id":224,"href":"https:\/\/www.biegl.at\/index.php?rest_route=\/wp\/v2\/pages\/20\/revisions\/224"}],"wp:attachment":[{"href":"https:\/\/www.biegl.at\/index.php?rest_route=%2Fwp%2Fv2%2Fmedia&parent=20"}],"curies":[{"name":"wp","href":"https:\/\/api.w.org\/{rel}","templated":true}]}}