{"id":17,"date":"2020-03-26T15:52:51","date_gmt":"2020-03-26T14:52:51","guid":{"rendered":"https:\/\/www.biegl.at\/?page_id=17"},"modified":"2020-04-01T14:55:43","modified_gmt":"2020-04-01T12:55:43","slug":"ernte-2009","status":"publish","type":"page","link":"https:\/\/www.biegl.at\/?page_id=17","title":{"rendered":"Ernte 2009"},"content":{"rendered":"\n<p class=\"has-small-font-size\">Durch die schlechten Wetterverh\u00e4ltnisse im Waldviertel, konnten wir unsere Ernte nicht wie geplant fortsetzten. Wegen der st\u00e4ndigen Regenf\u00e4lle mussten wir uns etwas einfallen lassen, um nicht zu viel Schaden in den Feldern zu hinterlassen, beziehungsweise um nicht in der nassen Erde zu versinken.<\/p>\n\n\n\n<figure class=\"wp-block-embed-youtube wp-block-embed is-type-video is-provider-youtube wp-embed-aspect-16-9 wp-has-aspect-ratio\"><div class=\"wp-block-embed__wrapper\">\n<div class=\"nv-iframe-embed\"><iframe loading=\"lazy\" title=\"Lohndrusch Biegl - Erntebedingungen 2009\" width=\"1200\" height=\"675\" src=\"https:\/\/www.youtube.com\/embed\/qxHzeNMb-E0?feature=oembed\" frameborder=\"0\" allow=\"accelerometer; autoplay; encrypted-media; gyroscope; picture-in-picture\" allowfullscreen><\/iframe><\/div>\n<\/div><\/figure>\n\n\n\n<p class=\"has-small-font-size\">Daher wurde ein Claas Lexion 540 M\u00e4hdrescher umgebaut und mit einem Raupenfahrwerk ausgestattet, um auch f\u00fcr diese Bedingungen in Zukunft ger\u00fcstet zu sein.<\/p>\n\n\n\n<figure class=\"wp-block-embed-youtube wp-block-embed is-type-video is-provider-youtube wp-embed-aspect-16-9 wp-has-aspect-ratio\"><div class=\"wp-block-embed__wrapper\">\n<div class=\"nv-iframe-embed\"><iframe loading=\"lazy\" title=\"Lohndrusch Biegl - Raupendrescher im Einsatz\" width=\"1200\" height=\"675\" src=\"https:\/\/www.youtube.com\/embed\/dp476zmrUxY?feature=oembed\" frameborder=\"0\" allow=\"accelerometer; autoplay; encrypted-media; gyroscope; picture-in-picture\" allowfullscreen><\/iframe><\/div>\n<\/div><\/figure>\n","protected":false},"excerpt":{"rendered":"<p>Durch die schlechten Wetterverh\u00e4ltnisse im Waldviertel, konnten wir unsere Ernte nicht wie geplant fortsetzten. Wegen der st\u00e4ndigen Regenf\u00e4lle mussten wir uns etwas einfallen lassen, um nicht zu viel Schaden in den Feldern zu hinterlassen, beziehungsweise um nicht in der nassen Erde zu versinken. Daher wurde ein Claas Lexion 540 M\u00e4hdrescher umgebaut und mit einem Raupenfahrwerk&hellip;&nbsp;<a href=\"https:\/\/www.biegl.at\/?page_id=17\" rel=\"bookmark\">Weiterlesen &raquo;<span class=\"screen-reader-text\">Ernte 2009<\/span><\/a><\/p>\n","protected":false},"author":1,"featured_media":0,"parent":0,"menu_order":0,"comment_status":"closed","ping_status":"closed","template":"","meta":{"neve_meta_sidebar":"","neve_meta_container":"","neve_meta_enable_content_width":"off","neve_meta_content_width":0,"neve_meta_title_alignment":"","neve_meta_author_avatar":"","neve_post_elements_order":"","neve_meta_disable_header":"","neve_meta_disable_footer":"","neve_meta_disable_title":"","footnotes":""},"class_list":["post-17","page","type-page","status-publish","hentry"],"_links":{"self":[{"href":"https:\/\/www.biegl.at\/index.php?rest_route=\/wp\/v2\/pages\/17","targetHints":{"allow":["GET"]}}],"collection":[{"href":"https:\/\/www.biegl.at\/index.php?rest_route=\/wp\/v2\/pages"}],"about":[{"href":"https:\/\/www.biegl.at\/index.php?rest_route=\/wp\/v2\/types\/page"}],"author":[{"embeddable":true,"href":"https:\/\/www.biegl.at\/index.php?rest_route=\/wp\/v2\/users\/1"}],"replies":[{"embeddable":true,"href":"https:\/\/www.biegl.at\/index.php?rest_route=%2Fwp%2Fv2%2Fcomments&post=17"}],"version-history":[{"count":6,"href":"https:\/\/www.biegl.at\/index.php?rest_route=\/wp\/v2\/pages\/17\/revisions"}],"predecessor-version":[{"id":221,"href":"https:\/\/www.biegl.at\/index.php?rest_route=\/wp\/v2\/pages\/17\/revisions\/221"}],"wp:attachment":[{"href":"https:\/\/www.biegl.at\/index.php?rest_route=%2Fwp%2Fv2%2Fmedia&parent=17"}],"curies":[{"name":"wp","href":"https:\/\/api.w.org\/{rel}","templated":true}]}}