{"id":15,"date":"2020-03-26T15:52:51","date_gmt":"2020-03-26T14:52:51","guid":{"rendered":"https:\/\/www.biegl.at\/?page_id=15"},"modified":"2020-04-02T15:23:59","modified_gmt":"2020-04-02T13:23:59","slug":"unsere-leistungen","status":"publish","type":"page","link":"https:\/\/www.biegl.at\/?page_id=15","title":{"rendered":"Unsere Leistungen"},"content":{"rendered":"\n<div class=\"wp-block-image\"><figure class=\"aligncenter size-large is-resized\"><img loading=\"lazy\" decoding=\"async\" src=\"https:\/\/www.biegl.at\/wp-content\/uploads\/2020\/03\/Biegl_WERBUNG.png\" alt=\"\" class=\"wp-image-59\" width=\"550\" height=\"170\"\/><\/figure><\/div>\n\n\n\n<div class=\"wp-block-image\"><figure class=\"alignleft size-full is-resized\"><img loading=\"lazy\" decoding=\"async\" src=\"https:\/\/www.biegl.at\/wp-content\/uploads\/2020\/03\/Alle_Drescher-scaled.jpeg\" alt=\"\" class=\"wp-image-86\" width=\"270\" height=\"216\"\/><\/figure><\/div>\n\n\n\n<h4 class=\"wp-block-heading\">Dreschen<\/h4>\n\n\n\n<p class=\"has-small-font-size\">Wir ernten derzeit mit 30 M\u00e4hdreschern in \u00d6sterreich, Ungarn und Tschechien Getreide, Mais und Sonderkulturen.<br>Ein top gewarteter moderner Maschinenpark garantiert hohe Schlagkraft im Bestand und eine zuverl\u00e4ssige Ernte.<br>Mit Arbeitsbreiten von 4,50m bis 9,00m ernten wir, vom kleinsten bis zum gr\u00f6\u00dften Feldst\u00fcck, die Fr\u00fcchte ihrer harten Arbeit.<br>Unser Anspruch an Qualit\u00e4t, Service und pers\u00f6nlichem Einsatz hat sich f\u00fcr unsere Kunden bew\u00e4hrt.<br>Und davon profitieren Sie in jeder Hinsicht!<br><br><\/p>\n\n\n\n<hr class=\"wp-block-separator is-style-wide\"\/>\n\n\n\n<div class=\"wp-block-image\"><figure class=\"alignright size-large is-resized\"><img loading=\"lazy\" decoding=\"async\" src=\"https:\/\/www.biegl.at\/wp-content\/uploads\/2020\/03\/H\u00e4cksler-1024x768.jpeg\" alt=\"\" class=\"wp-image-87\" width=\"270\" height=\"193\"\/><\/figure><\/div>\n\n\n\n<h4 class=\"wp-block-heading\">H\u00e4ckseln<\/h4>\n\n\n\n<p class=\"has-small-font-size\">Seit 2005 sind wir auch mit sieben Claas Jaguar 850, 870 und 950 im H\u00e4ckslergesch\u00e4ft t\u00e4tig.<br>Dabei haben wir uns als zuverl\u00e4ssiger Partner f\u00fcr Biogasanlagen und Landwirte best\u00e4tigt.<br>Moderne Erntevors\u00e4tze von Claas und Kemper garantieren einen reibungslosen Ernteablauf.<br>Wir bieten Claas 3m Pick-up, Kemper 6-, 8- und 10-reihig, Convio Direct Disc, Claas Schneidwerk 4,50m sowie Claas Conspeed Maispfl\u00fccker an.<br>Ob Gras, Klee, GPS, Mais, Sudangras, MKS, Elefantengras oder Hirse, wir ernten mit top Erntetechnik!<br>Partnerschaft durch dick und d\u00fcnn, zusammen mit unserem hohen Qualit\u00e4tsanspruch sind auch dies Gr\u00fcnde, warum wir uns als zuverl\u00e4ssiger Partner positionieren konnten.<\/p>\n\n\n\n<hr class=\"wp-block-separator is-style-wide\"\/>\n\n\n\n<div class=\"wp-block-image\"><figure class=\"alignleft size-large is-resized\"><img loading=\"lazy\" decoding=\"async\" src=\"https:\/\/www.biegl.at\/wp-content\/uploads\/2020\/03\/Traktor_1-1024x768.jpeg\" alt=\"\" class=\"wp-image-88\" width=\"270\" height=\"165\"\/><\/figure><\/div>\n\n\n\n<h4 class=\"wp-block-heading\">M\u00e4hen und Traktor<\/h4>\n\n\n\n<p class=\"has-small-font-size\">Mit unserem Krone Big M bieten wir m\u00e4hen, aufbereiten und schwaden von 9,70m Arbeitsbreite in einem Arbeitsgang.<br>Und mit unserem Massey Ferguson Traktor mit Butterfly M\u00e4hwerk bieten wir m\u00e4hen, aufbereiten und schwaden von 8,40m Arbeitsbreite in einem Arbeitsgang an.<br>Dadurch vermeiden wir unn\u00f6tige Futterverschmutzung und unsere hohe Fahrleistung bringt Ihnen zus\u00e4tzlich eine Arbeits- und Kostenersparnis.<br><br><\/p>\n\n\n\n<hr class=\"wp-block-separator is-style-wide\"\/>\n\n\n\n<div class=\"wp-block-image\"><figure class=\"alignright size-large is-resized\"><img loading=\"lazy\" decoding=\"async\" src=\"https:\/\/www.biegl.at\/wp-content\/uploads\/2020\/03\/Taktor_2-1024x768.jpeg\" alt=\"\" class=\"wp-image-89\" width=\"270\" height=\"192\"\/><\/figure><\/div>\n\n\n\n<h4 class=\"wp-block-heading\">Transportarbeiten<\/h4>\n\n\n\n<p class=\"has-small-font-size\">Seit 2010 erweiterten wir unser Angebot im Bereich Erntetechnik f\u00fcr Biogasanlagen und Landwirte.<br>Wir \u00fcbernehmen nicht nur die M\u00e4h- und H\u00e4ckselarbeit, sondern auch die komplette Abfuhrlogistik f\u00fcr Sie.<\/p>\n","protected":false},"excerpt":{"rendered":"<p>Dreschen Wir ernten derzeit mit 30 M\u00e4hdreschern in \u00d6sterreich, Ungarn und Tschechien Getreide, Mais und Sonderkulturen.Ein top gewarteter moderner Maschinenpark garantiert hohe Schlagkraft im Bestand und eine zuverl\u00e4ssige Ernte.Mit Arbeitsbreiten von 4,50m bis 9,00m ernten wir, vom kleinsten bis zum gr\u00f6\u00dften Feldst\u00fcck, die Fr\u00fcchte ihrer harten Arbeit.Unser Anspruch an Qualit\u00e4t, Service und pers\u00f6nlichem Einsatz hat&hellip;&nbsp;<a href=\"https:\/\/www.biegl.at\/?page_id=15\" rel=\"bookmark\">Weiterlesen &raquo;<span class=\"screen-reader-text\">Unsere Leistungen<\/span><\/a><\/p>\n","protected":false},"author":1,"featured_media":0,"parent":0,"menu_order":0,"comment_status":"closed","ping_status":"closed","template":"","meta":{"neve_meta_sidebar":"","neve_meta_container":"","neve_meta_enable_content_width":"off","neve_meta_content_width":0,"neve_meta_title_alignment":"","neve_meta_author_avatar":"","neve_post_elements_order":"","neve_meta_disable_header":"","neve_meta_disable_footer":"","neve_meta_disable_title":"","footnotes":""},"class_list":["post-15","page","type-page","status-publish","hentry"],"_links":{"self":[{"href":"https:\/\/www.biegl.at\/index.php?rest_route=\/wp\/v2\/pages\/15","targetHints":{"allow":["GET"]}}],"collection":[{"href":"https:\/\/www.biegl.at\/index.php?rest_route=\/wp\/v2\/pages"}],"about":[{"href":"https:\/\/www.biegl.at\/index.php?rest_route=\/wp\/v2\/types\/page"}],"author":[{"embeddable":true,"href":"https:\/\/www.biegl.at\/index.php?rest_route=\/wp\/v2\/users\/1"}],"replies":[{"embeddable":true,"href":"https:\/\/www.biegl.at\/index.php?rest_route=%2Fwp%2Fv2%2Fcomments&post=15"}],"version-history":[{"count":18,"href":"https:\/\/www.biegl.at\/index.php?rest_route=\/wp\/v2\/pages\/15\/revisions"}],"predecessor-version":[{"id":272,"href":"https:\/\/www.biegl.at\/index.php?rest_route=\/wp\/v2\/pages\/15\/revisions\/272"}],"wp:attachment":[{"href":"https:\/\/www.biegl.at\/index.php?rest_route=%2Fwp%2Fv2%2Fmedia&parent=15"}],"curies":[{"name":"wp","href":"https:\/\/api.w.org\/{rel}","templated":true}]}}