{"id":14,"date":"2020-03-26T15:52:51","date_gmt":"2020-03-26T14:52:51","guid":{"rendered":"https:\/\/www.biegl.at\/?page_id=14"},"modified":"2020-08-06T08:15:37","modified_gmt":"2020-08-06T06:15:37","slug":"gallerie","status":"publish","type":"page","link":"https:\/\/www.biegl.at\/?page_id=14","title":{"rendered":"Galerie"},"content":{"rendered":"\n<div class=\"wp-block-image\"><figure class=\"aligncenter size-large is-resized\"><img loading=\"lazy\" decoding=\"async\" src=\"https:\/\/www.biegl.at\/wp-content\/uploads\/2020\/03\/Biegl_WERBUNG.png\" alt=\"\" class=\"wp-image-59\" width=\"550\" height=\"176\"\/><\/figure><\/div>\n\n\n\n<p class=\"has-small-font-size\">Hier sind noch ein paar interessante Videos, Fotos und Galerien, von besonderen Ereignissen oder Herausforderungen, die wir w\u00e4hrend der Ernte hatten, f\u00fcr Sie zum Durchst\u00f6bern.<br><br><a href=\"https:\/\/www.biegl.at\/?page_id=189\">60 Jahre Lohndrusch Biegl [Video]<\/a><br><a href=\"https:\/\/www.biegl.at\/?page_id=19\">Chefs 50. Geburtstag [Fotos]<\/a><br><a href=\"https:\/\/www.biegl.at\/?page_id=16\">50. Jahre Lohndrusch Biegl [Video]<\/a><br><a href=\"https:\/\/www.biegl.at\/?page_id=17\">Ernte 2009 [Video]<\/a><br><a href=\"https:\/\/www.biegl.at\/?page_id=18\">Ernte 2010 [Video]<\/a><br><a href=\"https:\/\/www.biegl.at\/?page_id=20\">Maisspindelsammeln [Video]<\/a><br><a href=\"https:\/\/www.biegl.at\/?page_id=77\">\u00dcberstellen [Video]<\/a><br><a href=\"https:\/\/www.biegl.at\/?page_id=195\">Feuer 2011 [Video]<\/a><br><br>Anschlie\u00dfend sind noch ein paar kurze Einblicke in unsere T\u00e4tigkeiten, wie m\u00e4hen, h\u00e4ckseln und dreschen, bildlich dargstellt.<\/p>\n\n\n\n<h4 class=\"wp-block-heading\">M\u00e4hen<\/h4>\n\n\n\n<figure class=\"wp-block-gallery columns-2 is-cropped wp-block-gallery-1 is-layout-flex wp-block-gallery-is-layout-flex\"><ul class=\"blocks-gallery-grid\"><li class=\"blocks-gallery-item\"><figure><a href=\"https:\/\/www.biegl.at\/wp-content\/uploads\/2020\/03\/BNvVf2AJ-768x1024.jpeg\"><img loading=\"lazy\" decoding=\"async\" width=\"768\" height=\"1024\" src=\"https:\/\/www.biegl.at\/wp-content\/uploads\/2020\/03\/BNvVf2AJ-768x1024.jpeg\" alt=\"\" data-id=\"104\" data-link=\"https:\/\/www.biegl.at\/?attachment_id=104\" class=\"wp-image-104\" srcset=\"https:\/\/www.biegl.at\/wp-content\/uploads\/2020\/03\/BNvVf2AJ-768x1024.jpeg 768w, https:\/\/www.biegl.at\/wp-content\/uploads\/2020\/03\/BNvVf2AJ-225x300.jpeg 225w, https:\/\/www.biegl.at\/wp-content\/uploads\/2020\/03\/BNvVf2AJ-1152x1536.jpeg 1152w, https:\/\/www.biegl.at\/wp-content\/uploads\/2020\/03\/BNvVf2AJ.jpeg 1200w\" sizes=\"auto, (max-width: 768px) 100vw, 768px\" \/><\/a><\/figure><\/li><li class=\"blocks-gallery-item\"><figure><a href=\"https:\/\/www.biegl.at\/wp-content\/uploads\/2020\/03\/cCRTF3de-768x1024.jpeg\"><img loading=\"lazy\" decoding=\"async\" width=\"768\" height=\"1024\" src=\"https:\/\/www.biegl.at\/wp-content\/uploads\/2020\/03\/cCRTF3de-768x1024.jpeg\" alt=\"\" data-id=\"105\" data-link=\"https:\/\/www.biegl.at\/?attachment_id=105\" class=\"wp-image-105\" srcset=\"https:\/\/www.biegl.at\/wp-content\/uploads\/2020\/03\/cCRTF3de-768x1024.jpeg 768w, https:\/\/www.biegl.at\/wp-content\/uploads\/2020\/03\/cCRTF3de-225x300.jpeg 225w, https:\/\/www.biegl.at\/wp-content\/uploads\/2020\/03\/cCRTF3de-1152x1536.jpeg 1152w, https:\/\/www.biegl.at\/wp-content\/uploads\/2020\/03\/cCRTF3de.jpeg 1200w\" sizes=\"auto, (max-width: 768px) 100vw, 768px\" \/><\/a><\/figure><\/li><li class=\"blocks-gallery-item\"><figure><a href=\"https:\/\/www.biegl.at\/wp-content\/uploads\/2020\/08\/IMG_20200806_081129-768x1024.jpg\"><img loading=\"lazy\" decoding=\"async\" width=\"768\" height=\"1024\" src=\"https:\/\/www.biegl.at\/wp-content\/uploads\/2020\/08\/IMG_20200806_081129-768x1024.jpg\" alt=\"\" data-id=\"340\" data-link=\"https:\/\/www.biegl.at\/?attachment_id=340\" class=\"wp-image-340\" srcset=\"https:\/\/www.biegl.at\/wp-content\/uploads\/2020\/08\/IMG_20200806_081129-768x1023.jpg 768w, https:\/\/www.biegl.at\/wp-content\/uploads\/2020\/08\/IMG_20200806_081129-225x300.jpg 225w, https:\/\/www.biegl.at\/wp-content\/uploads\/2020\/08\/IMG_20200806_081129-1153x1536.jpg 1153w, https:\/\/www.biegl.at\/wp-content\/uploads\/2020\/08\/IMG_20200806_081129.jpg 1200w\" sizes=\"auto, (max-width: 768px) 100vw, 768px\" \/><\/a><\/figure><\/li><li class=\"blocks-gallery-item\"><figure><a href=\"https:\/\/www.biegl.at\/wp-content\/uploads\/2020\/08\/IMG_20200806_081142.jpg\"><img loading=\"lazy\" decoding=\"async\" width=\"768\" height=\"1024\" src=\"https:\/\/www.biegl.at\/wp-content\/uploads\/2020\/08\/IMG_20200806_081142-768x1024.jpg\" alt=\"\" data-id=\"341\" data-full-url=\"https:\/\/www.biegl.at\/wp-content\/uploads\/2020\/08\/IMG_20200806_081142.jpg\" data-link=\"https:\/\/www.biegl.at\/?attachment_id=341\" class=\"wp-image-341\" srcset=\"https:\/\/www.biegl.at\/wp-content\/uploads\/2020\/08\/IMG_20200806_081142-768x1023.jpg 768w, https:\/\/www.biegl.at\/wp-content\/uploads\/2020\/08\/IMG_20200806_081142-225x300.jpg 225w, https:\/\/www.biegl.at\/wp-content\/uploads\/2020\/08\/IMG_20200806_081142-1153x1536.jpg 1153w, https:\/\/www.biegl.at\/wp-content\/uploads\/2020\/08\/IMG_20200806_081142.jpg 1200w\" sizes=\"auto, (max-width: 768px) 100vw, 768px\" \/><\/a><\/figure><\/li><\/ul><\/figure>\n\n\n\n<hr class=\"wp-block-separator is-style-wide\"\/>\n\n\n\n<h4 class=\"wp-block-heading\">H\u00e4ckseln<\/h4>\n\n\n\n<figure class=\"wp-block-gallery columns-3 is-cropped wp-block-gallery-2 is-layout-flex wp-block-gallery-is-layout-flex\"><ul class=\"blocks-gallery-grid\"><li class=\"blocks-gallery-item\"><figure><a href=\"https:\/\/www.biegl.at\/wp-content\/uploads\/2020\/03\/4RhDwO-2.jpeg\"><img loading=\"lazy\" decoding=\"async\" width=\"768\" height=\"1024\" src=\"https:\/\/www.biegl.at\/wp-content\/uploads\/2020\/03\/4RhDwO-2-768x1024.jpeg\" alt=\"\" data-id=\"117\" data-full-url=\"https:\/\/www.biegl.at\/wp-content\/uploads\/2020\/03\/4RhDwO-2.jpeg\" data-link=\"https:\/\/www.biegl.at\/?attachment_id=117\" class=\"wp-image-117\" srcset=\"https:\/\/www.biegl.at\/wp-content\/uploads\/2020\/03\/4RhDwO-2-768x1024.jpeg 768w, https:\/\/www.biegl.at\/wp-content\/uploads\/2020\/03\/4RhDwO-2-225x300.jpeg 225w, https:\/\/www.biegl.at\/wp-content\/uploads\/2020\/03\/4RhDwO-2-1152x1536.jpeg 1152w, https:\/\/www.biegl.at\/wp-content\/uploads\/2020\/03\/4RhDwO-2.jpeg 1200w\" sizes=\"auto, (max-width: 768px) 100vw, 768px\" \/><\/a><\/figure><\/li><li class=\"blocks-gallery-item\"><figure><a href=\"https:\/\/www.biegl.at\/wp-content\/uploads\/2020\/03\/dpx8tJCV.jpeg\"><img loading=\"lazy\" decoding=\"async\" width=\"768\" height=\"1024\" src=\"https:\/\/www.biegl.at\/wp-content\/uploads\/2020\/03\/dpx8tJCV-768x1024.jpeg\" alt=\"\" data-id=\"118\" data-full-url=\"https:\/\/www.biegl.at\/wp-content\/uploads\/2020\/03\/dpx8tJCV.jpeg\" data-link=\"https:\/\/www.biegl.at\/?attachment_id=118\" class=\"wp-image-118\" srcset=\"https:\/\/www.biegl.at\/wp-content\/uploads\/2020\/03\/dpx8tJCV-768x1024.jpeg 768w, https:\/\/www.biegl.at\/wp-content\/uploads\/2020\/03\/dpx8tJCV-225x300.jpeg 225w, https:\/\/www.biegl.at\/wp-content\/uploads\/2020\/03\/dpx8tJCV-1152x1536.jpeg 1152w, https:\/\/www.biegl.at\/wp-content\/uploads\/2020\/03\/dpx8tJCV.jpeg 1200w\" sizes=\"auto, (max-width: 768px) 100vw, 768px\" \/><\/a><\/figure><\/li><li class=\"blocks-gallery-item\"><figure><a href=\"https:\/\/www.biegl.at\/wp-content\/uploads\/2020\/03\/GTNiUNyQ.jpeg\"><img loading=\"lazy\" decoding=\"async\" width=\"769\" height=\"1024\" src=\"https:\/\/www.biegl.at\/wp-content\/uploads\/2020\/03\/GTNiUNyQ-769x1024.jpeg\" alt=\"\" data-id=\"119\" data-full-url=\"https:\/\/www.biegl.at\/wp-content\/uploads\/2020\/03\/GTNiUNyQ.jpeg\" data-link=\"https:\/\/www.biegl.at\/?attachment_id=119\" class=\"wp-image-119\" srcset=\"https:\/\/www.biegl.at\/wp-content\/uploads\/2020\/03\/GTNiUNyQ-769x1024.jpeg 769w, https:\/\/www.biegl.at\/wp-content\/uploads\/2020\/03\/GTNiUNyQ-225x300.jpeg 225w, https:\/\/www.biegl.at\/wp-content\/uploads\/2020\/03\/GTNiUNyQ-768x1023.jpeg 768w, https:\/\/www.biegl.at\/wp-content\/uploads\/2020\/03\/GTNiUNyQ.jpeg 1080w\" sizes=\"auto, (max-width: 769px) 100vw, 769px\" \/><\/a><\/figure><\/li><li class=\"blocks-gallery-item\"><figure><a href=\"https:\/\/www.biegl.at\/wp-content\/uploads\/2020\/03\/qu_riToG.jpeg\"><img loading=\"lazy\" decoding=\"async\" width=\"1024\" height=\"1019\" src=\"https:\/\/www.biegl.at\/wp-content\/uploads\/2020\/03\/qu_riToG-1024x1019.jpeg\" alt=\"\" data-id=\"120\" data-full-url=\"https:\/\/www.biegl.at\/wp-content\/uploads\/2020\/03\/qu_riToG.jpeg\" data-link=\"https:\/\/www.biegl.at\/?attachment_id=120\" class=\"wp-image-120\" srcset=\"https:\/\/www.biegl.at\/wp-content\/uploads\/2020\/03\/qu_riToG-1024x1019.jpeg 1024w, https:\/\/www.biegl.at\/wp-content\/uploads\/2020\/03\/qu_riToG-300x300.jpeg 300w, https:\/\/www.biegl.at\/wp-content\/uploads\/2020\/03\/qu_riToG-150x150.jpeg 150w, https:\/\/www.biegl.at\/wp-content\/uploads\/2020\/03\/qu_riToG-768x764.jpeg 768w, https:\/\/www.biegl.at\/wp-content\/uploads\/2020\/03\/qu_riToG.jpeg 1080w\" sizes=\"auto, (max-width: 1024px) 100vw, 1024px\" \/><\/a><\/figure><\/li><li class=\"blocks-gallery-item\"><figure><a href=\"https:\/\/www.biegl.at\/wp-content\/uploads\/2020\/03\/xQ8eDpvp.jpeg\"><img loading=\"lazy\" decoding=\"async\" width=\"768\" height=\"1024\" src=\"https:\/\/www.biegl.at\/wp-content\/uploads\/2020\/03\/xQ8eDpvp-768x1024.jpeg\" alt=\"\" data-id=\"121\" data-full-url=\"https:\/\/www.biegl.at\/wp-content\/uploads\/2020\/03\/xQ8eDpvp.jpeg\" data-link=\"https:\/\/www.biegl.at\/?attachment_id=121\" class=\"wp-image-121\" srcset=\"https:\/\/www.biegl.at\/wp-content\/uploads\/2020\/03\/xQ8eDpvp-768x1024.jpeg 768w, https:\/\/www.biegl.at\/wp-content\/uploads\/2020\/03\/xQ8eDpvp-225x300.jpeg 225w, https:\/\/www.biegl.at\/wp-content\/uploads\/2020\/03\/xQ8eDpvp-1152x1536.jpeg 1152w, https:\/\/www.biegl.at\/wp-content\/uploads\/2020\/03\/xQ8eDpvp.jpeg 1200w\" sizes=\"auto, (max-width: 768px) 100vw, 768px\" \/><\/a><\/figure><\/li><li class=\"blocks-gallery-item\"><figure><a href=\"https:\/\/www.biegl.at\/wp-content\/uploads\/2020\/03\/Y-IAH0km.jpeg\"><img loading=\"lazy\" decoding=\"async\" width=\"768\" height=\"1024\" src=\"https:\/\/www.biegl.at\/wp-content\/uploads\/2020\/03\/Y-IAH0km-768x1024.jpeg\" alt=\"\" data-id=\"122\" data-full-url=\"https:\/\/www.biegl.at\/wp-content\/uploads\/2020\/03\/Y-IAH0km.jpeg\" data-link=\"https:\/\/www.biegl.at\/?attachment_id=122\" class=\"wp-image-122\" srcset=\"https:\/\/www.biegl.at\/wp-content\/uploads\/2020\/03\/Y-IAH0km-768x1024.jpeg 768w, https:\/\/www.biegl.at\/wp-content\/uploads\/2020\/03\/Y-IAH0km-225x300.jpeg 225w, https:\/\/www.biegl.at\/wp-content\/uploads\/2020\/03\/Y-IAH0km-1152x1536.jpeg 1152w, https:\/\/www.biegl.at\/wp-content\/uploads\/2020\/03\/Y-IAH0km.jpeg 1200w\" sizes=\"auto, (max-width: 768px) 100vw, 768px\" \/><\/a><\/figure><\/li><li class=\"blocks-gallery-item\"><figure><a href=\"https:\/\/www.biegl.at\/wp-content\/uploads\/2020\/06\/IMG_20200622_102431.jpg\"><img loading=\"lazy\" decoding=\"async\" width=\"1015\" height=\"1024\" src=\"https:\/\/www.biegl.at\/wp-content\/uploads\/2020\/06\/IMG_20200622_102431-1015x1024.jpg\" alt=\"\" data-id=\"319\" data-full-url=\"https:\/\/www.biegl.at\/wp-content\/uploads\/2020\/06\/IMG_20200622_102431.jpg\" data-link=\"https:\/\/www.biegl.at\/?attachment_id=319\" class=\"wp-image-319\" srcset=\"https:\/\/www.biegl.at\/wp-content\/uploads\/2020\/06\/IMG_20200622_102431-1015x1024.jpg 1015w, https:\/\/www.biegl.at\/wp-content\/uploads\/2020\/06\/IMG_20200622_102431-297x300.jpg 297w, https:\/\/www.biegl.at\/wp-content\/uploads\/2020\/06\/IMG_20200622_102431-150x150.jpg 150w, https:\/\/www.biegl.at\/wp-content\/uploads\/2020\/06\/IMG_20200622_102431-768x775.jpg 768w, https:\/\/www.biegl.at\/wp-content\/uploads\/2020\/06\/IMG_20200622_102431.jpg 1498w\" sizes=\"auto, (max-width: 1015px) 100vw, 1015px\" \/><\/a><\/figure><\/li><li class=\"blocks-gallery-item\"><figure><a href=\"https:\/\/www.biegl.at\/wp-content\/uploads\/2020\/06\/IMG_20200617_191726.jpg\"><img loading=\"lazy\" decoding=\"async\" width=\"1024\" height=\"1009\" src=\"https:\/\/www.biegl.at\/wp-content\/uploads\/2020\/06\/IMG_20200617_191726-1024x1009.jpg\" alt=\"\" data-id=\"318\" data-full-url=\"https:\/\/www.biegl.at\/wp-content\/uploads\/2020\/06\/IMG_20200617_191726.jpg\" data-link=\"https:\/\/www.biegl.at\/?attachment_id=318\" class=\"wp-image-318\" srcset=\"https:\/\/www.biegl.at\/wp-content\/uploads\/2020\/06\/IMG_20200617_191726-1024x1009.jpg 1024w, https:\/\/www.biegl.at\/wp-content\/uploads\/2020\/06\/IMG_20200617_191726-300x296.jpg 300w, https:\/\/www.biegl.at\/wp-content\/uploads\/2020\/06\/IMG_20200617_191726-768x757.jpg 768w, https:\/\/www.biegl.at\/wp-content\/uploads\/2020\/06\/IMG_20200617_191726.jpg 1512w\" sizes=\"auto, (max-width: 1024px) 100vw, 1024px\" \/><\/a><\/figure><\/li><li class=\"blocks-gallery-item\"><figure><a href=\"https:\/\/www.biegl.at\/wp-content\/uploads\/2020\/06\/IMG_20200622_103109.jpg\"><img loading=\"lazy\" decoding=\"async\" width=\"1024\" height=\"756\" src=\"https:\/\/www.biegl.at\/wp-content\/uploads\/2020\/06\/IMG_20200622_103109-1024x756.jpg\" alt=\"\" data-id=\"322\" data-full-url=\"https:\/\/www.biegl.at\/wp-content\/uploads\/2020\/06\/IMG_20200622_103109.jpg\" data-link=\"https:\/\/www.biegl.at\/?attachment_id=322\" class=\"wp-image-322\" srcset=\"https:\/\/www.biegl.at\/wp-content\/uploads\/2020\/06\/IMG_20200622_103109-1024x756.jpg 1024w, https:\/\/www.biegl.at\/wp-content\/uploads\/2020\/06\/IMG_20200622_103109-300x221.jpg 300w, https:\/\/www.biegl.at\/wp-content\/uploads\/2020\/06\/IMG_20200622_103109-768x567.jpg 768w, https:\/\/www.biegl.at\/wp-content\/uploads\/2020\/06\/IMG_20200622_103109-1536x1134.jpg 1536w, https:\/\/www.biegl.at\/wp-content\/uploads\/2020\/06\/IMG_20200622_103109.jpg 1600w\" sizes=\"auto, (max-width: 1024px) 100vw, 1024px\" \/><\/a><\/figure><\/li><li class=\"blocks-gallery-item\"><figure><a href=\"https:\/\/www.biegl.at\/wp-content\/uploads\/2020\/06\/IMG_20200622_103204.jpg\"><img loading=\"lazy\" decoding=\"async\" width=\"1024\" height=\"761\" src=\"https:\/\/www.biegl.at\/wp-content\/uploads\/2020\/06\/IMG_20200622_103204-1024x761.jpg\" alt=\"\" data-id=\"323\" data-full-url=\"https:\/\/www.biegl.at\/wp-content\/uploads\/2020\/06\/IMG_20200622_103204.jpg\" data-link=\"https:\/\/www.biegl.at\/?attachment_id=323\" class=\"wp-image-323\" srcset=\"https:\/\/www.biegl.at\/wp-content\/uploads\/2020\/06\/IMG_20200622_103204-1024x761.jpg 1024w, https:\/\/www.biegl.at\/wp-content\/uploads\/2020\/06\/IMG_20200622_103204-300x223.jpg 300w, https:\/\/www.biegl.at\/wp-content\/uploads\/2020\/06\/IMG_20200622_103204-768x571.jpg 768w, https:\/\/www.biegl.at\/wp-content\/uploads\/2020\/06\/IMG_20200622_103204-1536x1141.jpg 1536w, https:\/\/www.biegl.at\/wp-content\/uploads\/2020\/06\/IMG_20200622_103204.jpg 1600w\" sizes=\"auto, (max-width: 1024px) 100vw, 1024px\" \/><\/a><\/figure><\/li><li class=\"blocks-gallery-item\"><figure><a href=\"https:\/\/www.biegl.at\/wp-content\/uploads\/2020\/06\/IMG_20200622_103043.jpg\"><img loading=\"lazy\" decoding=\"async\" width=\"1013\" height=\"1024\" src=\"https:\/\/www.biegl.at\/wp-content\/uploads\/2020\/06\/IMG_20200622_103043-1013x1024.jpg\" alt=\"\" data-id=\"321\" data-full-url=\"https:\/\/www.biegl.at\/wp-content\/uploads\/2020\/06\/IMG_20200622_103043.jpg\" data-link=\"https:\/\/www.biegl.at\/?attachment_id=321\" class=\"wp-image-321\" srcset=\"https:\/\/www.biegl.at\/wp-content\/uploads\/2020\/06\/IMG_20200622_103043-1013x1024.jpg 1013w, https:\/\/www.biegl.at\/wp-content\/uploads\/2020\/06\/IMG_20200622_103043-297x300.jpg 297w, https:\/\/www.biegl.at\/wp-content\/uploads\/2020\/06\/IMG_20200622_103043-768x776.jpg 768w, https:\/\/www.biegl.at\/wp-content\/uploads\/2020\/06\/IMG_20200622_103043.jpg 1186w\" sizes=\"auto, (max-width: 1013px) 100vw, 1013px\" \/><\/a><\/figure><\/li><\/ul><\/figure>\n\n\n\n<hr class=\"wp-block-separator is-style-wide\"\/>\n\n\n\n<h4 class=\"wp-block-heading\">Dreschen<\/h4>\n\n\n\n<figure class=\"wp-block-gallery columns-4 is-cropped wp-block-gallery-3 is-layout-flex wp-block-gallery-is-layout-flex\"><ul class=\"blocks-gallery-grid\"><li class=\"blocks-gallery-item\"><figure><a href=\"https:\/\/www.biegl.at\/wp-content\/uploads\/2020\/03\/6XHPkuNe-1024x568.jpeg\"><img loading=\"lazy\" decoding=\"async\" width=\"1024\" height=\"568\" src=\"https:\/\/www.biegl.at\/wp-content\/uploads\/2020\/03\/6XHPkuNe-1024x568.jpeg\" alt=\"\" data-id=\"106\" data-link=\"https:\/\/www.biegl.at\/?attachment_id=106\" class=\"wp-image-106\" srcset=\"https:\/\/www.biegl.at\/wp-content\/uploads\/2020\/03\/6XHPkuNe-1024x568.jpeg 1024w, https:\/\/www.biegl.at\/wp-content\/uploads\/2020\/03\/6XHPkuNe-300x166.jpeg 300w, https:\/\/www.biegl.at\/wp-content\/uploads\/2020\/03\/6XHPkuNe-768x426.jpeg 768w, https:\/\/www.biegl.at\/wp-content\/uploads\/2020\/03\/6XHPkuNe.jpeg 1080w\" sizes=\"auto, (max-width: 1024px) 100vw, 1024px\" \/><\/a><\/figure><\/li><li class=\"blocks-gallery-item\"><figure><a href=\"https:\/\/www.biegl.at\/wp-content\/uploads\/2020\/03\/E3-GX5qg-768x1024.jpeg\"><img loading=\"lazy\" decoding=\"async\" width=\"768\" height=\"1024\" src=\"https:\/\/www.biegl.at\/wp-content\/uploads\/2020\/03\/E3-GX5qg-768x1024.jpeg\" alt=\"\" data-id=\"107\" data-link=\"https:\/\/www.biegl.at\/?attachment_id=107\" class=\"wp-image-107\" srcset=\"https:\/\/www.biegl.at\/wp-content\/uploads\/2020\/03\/E3-GX5qg-768x1024.jpeg 768w, https:\/\/www.biegl.at\/wp-content\/uploads\/2020\/03\/E3-GX5qg-225x300.jpeg 225w, https:\/\/www.biegl.at\/wp-content\/uploads\/2020\/03\/E3-GX5qg-1152x1536.jpeg 1152w, https:\/\/www.biegl.at\/wp-content\/uploads\/2020\/03\/E3-GX5qg.jpeg 1200w\" sizes=\"auto, (max-width: 768px) 100vw, 768px\" \/><\/a><\/figure><\/li><li class=\"blocks-gallery-item\"><figure><a href=\"https:\/\/www.biegl.at\/wp-content\/uploads\/2020\/03\/fWNgjYCc-768x1024.jpeg\"><img loading=\"lazy\" decoding=\"async\" width=\"768\" height=\"1024\" src=\"https:\/\/www.biegl.at\/wp-content\/uploads\/2020\/03\/fWNgjYCc-768x1024.jpeg\" alt=\"\" data-id=\"108\" data-link=\"https:\/\/www.biegl.at\/?attachment_id=108\" class=\"wp-image-108\" srcset=\"https:\/\/www.biegl.at\/wp-content\/uploads\/2020\/03\/fWNgjYCc-768x1024.jpeg 768w, https:\/\/www.biegl.at\/wp-content\/uploads\/2020\/03\/fWNgjYCc-225x300.jpeg 225w, https:\/\/www.biegl.at\/wp-content\/uploads\/2020\/03\/fWNgjYCc-1152x1536.jpeg 1152w, https:\/\/www.biegl.at\/wp-content\/uploads\/2020\/03\/fWNgjYCc.jpeg 1200w\" sizes=\"auto, (max-width: 768px) 100vw, 768px\" \/><\/a><\/figure><\/li><li class=\"blocks-gallery-item\"><figure><a href=\"https:\/\/www.biegl.at\/wp-content\/uploads\/2020\/03\/HAcPrG5k-768x1024.jpeg\"><img loading=\"lazy\" decoding=\"async\" width=\"768\" height=\"1024\" src=\"https:\/\/www.biegl.at\/wp-content\/uploads\/2020\/03\/HAcPrG5k-768x1024.jpeg\" alt=\"\" data-id=\"109\" data-link=\"https:\/\/www.biegl.at\/?attachment_id=109\" class=\"wp-image-109\" srcset=\"https:\/\/www.biegl.at\/wp-content\/uploads\/2020\/03\/HAcPrG5k-768x1024.jpeg 768w, https:\/\/www.biegl.at\/wp-content\/uploads\/2020\/03\/HAcPrG5k-225x300.jpeg 225w, https:\/\/www.biegl.at\/wp-content\/uploads\/2020\/03\/HAcPrG5k-1152x1536.jpeg 1152w, https:\/\/www.biegl.at\/wp-content\/uploads\/2020\/03\/HAcPrG5k.jpeg 1200w\" sizes=\"auto, (max-width: 768px) 100vw, 768px\" \/><\/a><\/figure><\/li><li class=\"blocks-gallery-item\"><figure><a href=\"https:\/\/www.biegl.at\/wp-content\/uploads\/2020\/03\/Ia518Gt5-768x1024.jpeg\"><img loading=\"lazy\" decoding=\"async\" width=\"768\" height=\"1024\" src=\"https:\/\/www.biegl.at\/wp-content\/uploads\/2020\/03\/Ia518Gt5-768x1024.jpeg\" alt=\"\" data-id=\"110\" data-link=\"https:\/\/www.biegl.at\/?attachment_id=110\" class=\"wp-image-110\" srcset=\"https:\/\/www.biegl.at\/wp-content\/uploads\/2020\/03\/Ia518Gt5-768x1024.jpeg 768w, https:\/\/www.biegl.at\/wp-content\/uploads\/2020\/03\/Ia518Gt5-225x300.jpeg 225w, https:\/\/www.biegl.at\/wp-content\/uploads\/2020\/03\/Ia518Gt5-1152x1536.jpeg 1152w, https:\/\/www.biegl.at\/wp-content\/uploads\/2020\/03\/Ia518Gt5.jpeg 1200w\" sizes=\"auto, (max-width: 768px) 100vw, 768px\" \/><\/a><\/figure><\/li><li class=\"blocks-gallery-item\"><figure><a href=\"https:\/\/www.biegl.at\/wp-content\/uploads\/2020\/03\/TTLXNz5j-768x1024.jpeg\"><img loading=\"lazy\" decoding=\"async\" width=\"768\" height=\"1024\" src=\"https:\/\/www.biegl.at\/wp-content\/uploads\/2020\/03\/TTLXNz5j-768x1024.jpeg\" alt=\"\" data-id=\"111\" data-link=\"https:\/\/www.biegl.at\/?attachment_id=111\" class=\"wp-image-111\" srcset=\"https:\/\/www.biegl.at\/wp-content\/uploads\/2020\/03\/TTLXNz5j-768x1024.jpeg 768w, https:\/\/www.biegl.at\/wp-content\/uploads\/2020\/03\/TTLXNz5j-225x300.jpeg 225w, https:\/\/www.biegl.at\/wp-content\/uploads\/2020\/03\/TTLXNz5j-1152x1536.jpeg 1152w, https:\/\/www.biegl.at\/wp-content\/uploads\/2020\/03\/TTLXNz5j.jpeg 1200w\" sizes=\"auto, (max-width: 768px) 100vw, 768px\" \/><\/a><\/figure><\/li><li class=\"blocks-gallery-item\"><figure><a href=\"https:\/\/www.biegl.at\/wp-content\/uploads\/2020\/03\/U4LInCq3-1024x768.jpeg\"><img loading=\"lazy\" decoding=\"async\" width=\"1024\" height=\"768\" src=\"https:\/\/www.biegl.at\/wp-content\/uploads\/2020\/03\/U4LInCq3-1024x768.jpeg\" alt=\"\" data-id=\"112\" data-link=\"https:\/\/www.biegl.at\/?attachment_id=112\" class=\"wp-image-112\" srcset=\"https:\/\/www.biegl.at\/wp-content\/uploads\/2020\/03\/U4LInCq3-1024x768.jpeg 1024w, https:\/\/www.biegl.at\/wp-content\/uploads\/2020\/03\/U4LInCq3-300x225.jpeg 300w, https:\/\/www.biegl.at\/wp-content\/uploads\/2020\/03\/U4LInCq3-768x576.jpeg 768w, https:\/\/www.biegl.at\/wp-content\/uploads\/2020\/03\/U4LInCq3-1536x1152.jpeg 1536w, https:\/\/www.biegl.at\/wp-content\/uploads\/2020\/03\/U4LInCq3.jpeg 1600w\" sizes=\"auto, (max-width: 1024px) 100vw, 1024px\" \/><\/a><\/figure><\/li><li class=\"blocks-gallery-item\"><figure><a href=\"https:\/\/www.biegl.at\/wp-content\/uploads\/2020\/03\/\u00dcberstellen-1024x768.jpeg\"><img loading=\"lazy\" decoding=\"async\" width=\"1024\" height=\"768\" src=\"https:\/\/www.biegl.at\/wp-content\/uploads\/2020\/03\/\u00dcberstellen-1024x768.jpeg\" alt=\"\" data-id=\"113\" data-link=\"https:\/\/www.biegl.at\/?attachment_id=113\" class=\"wp-image-113\" srcset=\"https:\/\/www.biegl.at\/wp-content\/uploads\/2020\/03\/\u00dcberstellen-1024x768.jpeg 1024w, https:\/\/www.biegl.at\/wp-content\/uploads\/2020\/03\/\u00dcberstellen-300x225.jpeg 300w, https:\/\/www.biegl.at\/wp-content\/uploads\/2020\/03\/\u00dcberstellen-768x576.jpeg 768w, https:\/\/www.biegl.at\/wp-content\/uploads\/2020\/03\/\u00dcberstellen.jpeg 1080w\" sizes=\"auto, (max-width: 1024px) 100vw, 1024px\" \/><\/a><\/figure><\/li><li class=\"blocks-gallery-item\"><figure><a href=\"https:\/\/www.biegl.at\/wp-content\/uploads\/2020\/03\/xh1Gr6eL-768x1024.jpeg\"><img loading=\"lazy\" decoding=\"async\" width=\"768\" height=\"1024\" src=\"https:\/\/www.biegl.at\/wp-content\/uploads\/2020\/03\/xh1Gr6eL-768x1024.jpeg\" alt=\"\" data-id=\"114\" data-link=\"https:\/\/www.biegl.at\/?attachment_id=114\" class=\"wp-image-114\" srcset=\"https:\/\/www.biegl.at\/wp-content\/uploads\/2020\/03\/xh1Gr6eL-768x1024.jpeg 768w, https:\/\/www.biegl.at\/wp-content\/uploads\/2020\/03\/xh1Gr6eL-225x300.jpeg 225w, https:\/\/www.biegl.at\/wp-content\/uploads\/2020\/03\/xh1Gr6eL-1152x1536.jpeg 1152w, https:\/\/www.biegl.at\/wp-content\/uploads\/2020\/03\/xh1Gr6eL.jpeg 1200w\" sizes=\"auto, (max-width: 768px) 100vw, 768px\" \/><\/a><\/figure><\/li><li class=\"blocks-gallery-item\"><figure><a href=\"https:\/\/www.biegl.at\/wp-content\/uploads\/2020\/03\/yDgUcHp5-768x1024.jpeg\"><img loading=\"lazy\" decoding=\"async\" width=\"768\" height=\"1024\" src=\"https:\/\/www.biegl.at\/wp-content\/uploads\/2020\/03\/yDgUcHp5-768x1024.jpeg\" alt=\"\" data-id=\"115\" data-link=\"https:\/\/www.biegl.at\/?attachment_id=115\" class=\"wp-image-115\" srcset=\"https:\/\/www.biegl.at\/wp-content\/uploads\/2020\/03\/yDgUcHp5-768x1024.jpeg 768w, https:\/\/www.biegl.at\/wp-content\/uploads\/2020\/03\/yDgUcHp5-225x300.jpeg 225w, https:\/\/www.biegl.at\/wp-content\/uploads\/2020\/03\/yDgUcHp5-1152x1536.jpeg 1152w, https:\/\/www.biegl.at\/wp-content\/uploads\/2020\/03\/yDgUcHp5.jpeg 1200w\" sizes=\"auto, (max-width: 768px) 100vw, 768px\" \/><\/a><\/figure><\/li><li class=\"blocks-gallery-item\"><figure><a href=\"https:\/\/www.biegl.at\/wp-content\/uploads\/2020\/03\/ZzA4PwNc.jpeg\"><img loading=\"lazy\" decoding=\"async\" width=\"768\" height=\"1024\" src=\"https:\/\/www.biegl.at\/wp-content\/uploads\/2020\/03\/ZzA4PwNc-768x1024.jpeg\" alt=\"\" data-id=\"116\" data-full-url=\"https:\/\/www.biegl.at\/wp-content\/uploads\/2020\/03\/ZzA4PwNc.jpeg\" data-link=\"https:\/\/www.biegl.at\/?attachment_id=116\" class=\"wp-image-116\" srcset=\"https:\/\/www.biegl.at\/wp-content\/uploads\/2020\/03\/ZzA4PwNc-768x1024.jpeg 768w, https:\/\/www.biegl.at\/wp-content\/uploads\/2020\/03\/ZzA4PwNc-225x300.jpeg 225w, https:\/\/www.biegl.at\/wp-content\/uploads\/2020\/03\/ZzA4PwNc-1152x1536.jpeg 1152w, https:\/\/www.biegl.at\/wp-content\/uploads\/2020\/03\/ZzA4PwNc.jpeg 1200w\" sizes=\"auto, (max-width: 768px) 100vw, 768px\" \/><\/a><\/figure><\/li><\/ul><\/figure>\n","protected":false},"excerpt":{"rendered":"<p>Hier sind noch ein paar interessante Videos, Fotos und Galerien, von besonderen Ereignissen oder Herausforderungen, die wir w\u00e4hrend der Ernte hatten, f\u00fcr Sie zum Durchst\u00f6bern. 60 Jahre Lohndrusch Biegl [Video]Chefs 50. Geburtstag [Fotos]50. Jahre Lohndrusch Biegl [Video]Ernte 2009 [Video]Ernte 2010 [Video]Maisspindelsammeln [Video]\u00dcberstellen [Video]Feuer 2011 [Video] Anschlie\u00dfend sind noch ein paar kurze Einblicke in unsere T\u00e4tigkeiten,&hellip;&nbsp;<a href=\"https:\/\/www.biegl.at\/?page_id=14\" rel=\"bookmark\">Weiterlesen &raquo;<span class=\"screen-reader-text\">Galerie<\/span><\/a><\/p>\n","protected":false},"author":1,"featured_media":0,"parent":0,"menu_order":0,"comment_status":"closed","ping_status":"closed","template":"","meta":{"neve_meta_sidebar":"","neve_meta_container":"","neve_meta_enable_content_width":"off","neve_meta_content_width":0,"neve_meta_title_alignment":"","neve_meta_author_avatar":"","neve_post_elements_order":"","neve_meta_disable_header":"","neve_meta_disable_footer":"","neve_meta_disable_title":"","footnotes":""},"class_list":["post-14","page","type-page","status-publish","hentry"],"_links":{"self":[{"href":"https:\/\/www.biegl.at\/index.php?rest_route=\/wp\/v2\/pages\/14","targetHints":{"allow":["GET"]}}],"collection":[{"href":"https:\/\/www.biegl.at\/index.php?rest_route=\/wp\/v2\/pages"}],"about":[{"href":"https:\/\/www.biegl.at\/index.php?rest_route=\/wp\/v2\/types\/page"}],"author":[{"embeddable":true,"href":"https:\/\/www.biegl.at\/index.php?rest_route=\/wp\/v2\/users\/1"}],"replies":[{"embeddable":true,"href":"https:\/\/www.biegl.at\/index.php?rest_route=%2Fwp%2Fv2%2Fcomments&post=14"}],"version-history":[{"count":22,"href":"https:\/\/www.biegl.at\/index.php?rest_route=\/wp\/v2\/pages\/14\/revisions"}],"predecessor-version":[{"id":342,"href":"https:\/\/www.biegl.at\/index.php?rest_route=\/wp\/v2\/pages\/14\/revisions\/342"}],"wp:attachment":[{"href":"https:\/\/www.biegl.at\/index.php?rest_route=%2Fwp%2Fv2%2Fmedia&parent=14"}],"curies":[{"name":"wp","href":"https:\/\/api.w.org\/{rel}","templated":true}]}}